{"id":385,"date":"2016-03-26T11:04:15","date_gmt":"2016-03-26T11:04:15","guid":{"rendered":"http:\/\/oscend.templines.org\/?page_id=385"},"modified":"2026-04-01T12:01:42","modified_gmt":"2026-04-01T17:01:42","slug":"contacto","status":"publish","type":"page","link":"https:\/\/www.copacking.com.co\/en\/contacto\/","title":{"rendered":"CONTACT"},"content":{"rendered":"<p>[vc_row kswr_row_top_decor_enabled=&#8221;false&#8221; kswr_row_bottom_decor_enabled=&#8221;false&#8221;][vc_column width=&#8221;1\/2&#8243;][vc_column_text css=&#8221;.vc_custom_1554656750965{margin-top: -10px !important;}&#8221;]<strong>LEAVE YOUR MESSAGE<\/strong><\/p>\n<p>Your requirements are our north. Please leave your contact information and the information of the products to be packed, we initiate the change for a better world.[\/vc_column_text][vc_row_inner css=&#8221;.vc_custom_1554656950100{padding-top: 20px !important;}&#8221;][vc_column_inner]\n<div class=\"wpcf7 no-js\" id=\"wpcf7-f898-o2\" lang=\"en-US\" dir=\"ltr\">\n<div class=\"screen-reader-response\"><p role=\"status\" aria-live=\"polite\" aria-atomic=\"true\"><\/p> <ul><\/ul><\/div>\n<form action=\"\/en\/wp-json\/wp\/v2\/pages\/385#wpcf7-f898-o2\" method=\"post\" class=\"wpcf7-form init\" aria-label=\"Contact form\" novalidate=\"novalidate\" data-status=\"init\">\n<div style=\"display: none;\">\n<input type=\"hidden\" name=\"_wpcf7\" value=\"898\" \/>\n<input type=\"hidden\" name=\"_wpcf7_version\" value=\"5.7.5.1\" \/>\n<input type=\"hidden\" name=\"_wpcf7_locale\" value=\"en_US\" \/>\n<input type=\"hidden\" name=\"_wpcf7_unit_tag\" value=\"wpcf7-f898-o2\" \/>\n<input type=\"hidden\" name=\"_wpcf7_container_post\" value=\"0\" \/>\n<input type=\"hidden\" name=\"_wpcf7_posted_data_hash\" value=\"\" \/>\n<\/div>\n<div class=\"row oscend-contact-form\">\n\t<div class=\"col-md-6\">\n\t\t<div class=\"form-group\">\n\t\t\t<p><span class=\"wpcf7-form-control-wrap\" data-name=\"your-name\"><input size=\"40\" class=\"wpcf7-form-control wpcf7-text wpcf7-validates-as-required\" aria-required=\"true\" aria-invalid=\"false\" placeholder=\"PRIMER NOMBRE *\" value=\"\" type=\"text\" name=\"your-name\" \/><\/span>\n\t\t\t<\/p>\n\t\t<\/div>\n\t<\/div>\n\t<div class=\"col-md-6\">\n\t\t<div class=\"form-group\">\n\t\t\t<p><span class=\"wpcf7-form-control-wrap\" data-name=\"your-lastname\"><input size=\"40\" class=\"wpcf7-form-control wpcf7-text\" aria-invalid=\"false\" placeholder=\"APELLIDO\" value=\"\" type=\"text\" name=\"your-lastname\" \/><\/span>\n\t\t\t<\/p>\n\t\t<\/div>\n\t<\/div>\n\t<div class=\"col-md-6\">\n\t\t<div class=\"form-group\">\n\t\t\t<p><span class=\"wpcf7-form-control-wrap\" data-name=\"your-phone\"><input size=\"40\" class=\"wpcf7-form-control wpcf7-text\" aria-invalid=\"false\" placeholder=\"TELEFONO NO.\" value=\"\" type=\"text\" name=\"your-phone\" \/><\/span>\n\t\t\t<\/p>\n\t\t<\/div>\n\t<\/div>\n\t<div class=\"col-md-6\">\n\t\t<div class=\"form-group\">\n\t\t\t<p><span class=\"wpcf7-form-control-wrap\" data-name=\"your-email\"><input size=\"40\" class=\"wpcf7-form-control wpcf7-text wpcf7-validates-as-required\" aria-required=\"true\" aria-invalid=\"false\" placeholder=\"CORREO ELECTRONICO *\" value=\"\" type=\"text\" name=\"your-email\" \/><\/span>\n\t\t\t<\/p>\n\t\t<\/div>\n\t<\/div>\n\t<div class=\"col-md-12\">\n\t\t<div class=\"form-group\">\n\t\t\t<p><span class=\"wpcf7-form-control-wrap\" data-name=\"your-subject\"><input size=\"40\" class=\"wpcf7-form-control wpcf7-text\" aria-invalid=\"false\" placeholder=\"TEMA\" value=\"\" type=\"text\" name=\"your-subject\" \/><\/span>\n\t\t\t<\/p>\n\t\t<\/div>\n\t<\/div>\n\t<div class=\"col-md-12\">\n\t\t<div class=\"form-group\">\n\t\t\t<p><span class=\"wpcf7-form-control-wrap\" data-name=\"your-message\"><textarea cols=\"40\" rows=\"10\" class=\"wpcf7-form-control wpcf7-textarea\" aria-invalid=\"false\" placeholder=\"MENSAJE\" name=\"your-message\"><\/textarea><\/span>\n\t\t\t<\/p>\n\t\t<\/div>\n\t<\/div>\n\t<div class=\"col-md-12\">\n\t\t<div style=\"text-align:justify\">\n\t\t\t<p>Habeas data: \"La autorizaci\u00f3n suministrada en el presente formulario faculta a Copacking Envases industriales SAS (Copacking) para que de a sus datos aqu\u00ed recopilados, el tratamiento se\u00f1alado en la \"Pol\u00edtica de Privacidad para el Tratamiento de Datos Personales\" de Copacking, el cual incluye, entre otras, el env\u00edo de informaci\u00f3n promocional, as\u00ed como la invitaci\u00f3n a eventos. El titular de los datos podr\u00e1, en cualquier momento, solicitar que la informaci\u00f3n sea modificada, actualizada o retirada de las bases de datos de Copacking\"\n\t\t\t<\/p>\n\t\t\t<p><span class=\"wpcf7-form-control-wrap\" data-name=\"your-consent\"><span class=\"wpcf7-form-control wpcf7-acceptance\"><span class=\"wpcf7-list-item\"><label><input type=\"checkbox\" name=\"your-consent\" value=\"1\" aria-invalid=\"false\" \/><span class=\"wpcf7-list-item-label\">He le\u00eddo y acepto los t\u00e9rminos y condiciones.<\/span><\/label><\/span><\/span><\/span>\n\t\t\t<\/p>\n\t\t<\/div>\n\t<\/div>\n\t<div class=\"col-md-12\">\n\t\t<div class=\"form-group\">\n\t\t\t<p><input class=\"wpcf7-form-control has-spinner wpcf7-submit\" type=\"submit\" value=\"ENVIAR MENSAJE\" \/>\n\t\t\t<\/p>\n\t\t<\/div>\n\t<\/div>\n<\/div><div class=\"wpcf7-response-output\" aria-hidden=\"true\"><\/div>\n<\/form>\n<\/div>\n[\/vc_column_inner][\/vc_row_inner][\/vc_column][vc_column width=&#8221;1\/2&#8243;][vc_row_inner][vc_column_inner][box_title2 title=&#8221;Keep in touch&#8221;][\/box_title2][box_icon_info title=&#8221;Address&#8221; icon_pixstrokegap=&#8221;icon icon-House&#8221; info=&#8221;Km 1 Autopista Medellin Centro empresarial los robles Bdg 9.&#8221;][box_icon_info title=&#8221;PHONE&#8221; icon_pixstrokegap=&#8221;icon icon-Phone2&#8243; info=&#8221;(571) 898 52 68&#8243;][box_icon_info title=&#8221;Email&#8221; icon_pixstrokegap=&#8221;icon icon-Mail&#8221; info=&#8221;contacto@copacking.com.co&#8221;][\/vc_column_inner][\/vc_row_inner][vc_gmaps link=&#8221;#E-8_JTNDaWZyYW1lJTIwc3JjJTNEJTIyaHR0cHMlM0ElMkYlMkZ3d3cuZ29vZ2xlLmNvbSUyRm1hcHMlMkZlbWJlZCUzRnBiJTNEJTIxMW0xNiUyMTFtMTIlMjExbTMlMjExZDM5NzYuMTkyMTU2NTc5MDY2MiUyMTJkLTc0LjEzMzExMTglMjEzZDQuNzM2MjA5MSUyMTJtMyUyMTFmMCUyMTJmMCUyMTNmMCUyMTNtMiUyMTFpMTAyNCUyMTJpNzY4JTIxNGYxMy4xJTIxMm0xJTIxMXNLbSUyQjElMkJBdXRvcGlzdGElMkJNZWRlbGxpbiUyQkNlbnRybyUyQmVtcHJlc2FyaWFsJTJCbG9zJTJCcm9ibGVzJTIxNWUwJTIxM20yJTIxMXNlcy00MTklMjEyc2NvJTIxNHYxNTQ5ODkzOTczNDU5JTIyJTIwd2lkdGglM0QlMjI2MDAlMjIlMjBoZWlnaHQlM0QlMjI1NzAlMjIlMjBmcmFtZWJvcmRlciUzRCUyMjAlMjIlMjBzdHlsZSUzRCUyMmJvcmRlciUzQTAlMjIlMjBhbGxvd2Z1bGxzY3JlZW4lM0UlM0MlMkZpZnJhbWUlM0U=&#8221; size=&#8221;570&#8243;][\/vc_column][\/vc_row]<\/p>","protected":false},"excerpt":{"rendered":"<p>[vc_row kswr_row_top_decor_enabled=&#8221;false&#8221; kswr_row_bottom_decor_enabled=&#8221;false&#8221;][vc_column width=&#8221;1\/2&#8243;][vc_column_text css=&#8221;.vc_custom_1554656750965{margin-top: -10px !important;}&#8221;]LEAVE YOUR MESSAGE Your requirements are our north. Please leave your contact information and the information of the products to be packed, we initiate the change for a better world.[\/vc_column_text][vc_row_inner css=&#8221;.vc_custom_1554656950100{padding-top: 20px !important;}&#8221;][vc_column_inner][\/vc_column_inner][\/vc_row_inner][\/vc_column][vc_column width=&#8221;1\/2&#8243;][vc_row_inner][vc_column_inner][box_title2 title=&#8221;Keep in touch&#8221;][\/box_title2][box_icon_info title=&#8221;Address&#8221; icon_pixstrokegap=&#8221;icon icon-House&#8221; info=&#8221;Km 1 Autopista Medellin Centro empresarial los robles Bdg [&hellip;]<\/p>\n","protected":false},"author":1,"featured_media":386,"parent":0,"menu_order":0,"comment_status":"closed","ping_status":"closed","template":"","meta":{"_joinchat":[]},"_links":{"self":[{"href":"https:\/\/www.copacking.com.co\/en\/wp-json\/wp\/v2\/pages\/385"}],"collection":[{"href":"https:\/\/www.copacking.com.co\/en\/wp-json\/wp\/v2\/pages"}],"about":[{"href":"https:\/\/www.copacking.com.co\/en\/wp-json\/wp\/v2\/types\/page"}],"author":[{"embeddable":true,"href":"https:\/\/www.copacking.com.co\/en\/wp-json\/wp\/v2\/users\/1"}],"replies":[{"embeddable":true,"href":"https:\/\/www.copacking.com.co\/en\/wp-json\/wp\/v2\/comments?post=385"}],"version-history":[{"count":8,"href":"https:\/\/www.copacking.com.co\/en\/wp-json\/wp\/v2\/pages\/385\/revisions"}],"predecessor-version":[{"id":15619,"href":"https:\/\/www.copacking.com.co\/en\/wp-json\/wp\/v2\/pages\/385\/revisions\/15619"}],"wp:featuredmedia":[{"embeddable":true,"href":"https:\/\/www.copacking.com.co\/en\/wp-json\/wp\/v2\/media\/386"}],"wp:attachment":[{"href":"https:\/\/www.copacking.com.co\/en\/wp-json\/wp\/v2\/media?parent=385"}],"curies":[{"name":"wp","href":"https:\/\/api.w.org\/{rel}","templated":true}]}}